{"id":10371,"date":"2021-11-04T15:22:34","date_gmt":"2021-11-04T14:22:34","guid":{"rendered":"https:\/\/www.graphicart.ch\/?page_id=10371"},"modified":"2021-11-08T16:05:47","modified_gmt":"2021-11-08T15:05:47","slug":"graphicart-live-shooting-sony-profoto","status":"publish","type":"page","link":"https:\/\/www.graphicart.ch\/de\/graphicart-live-shooting-sony-profoto\/","title":{"rendered":"GraphicArt LIVE SHOOTING Sony &#8211; Profoto"},"content":{"rendered":"<div id=\"cs-content\" class=\"cs-content\"><\/div>\n","protected":false},"excerpt":{"rendered":"<p>GraphicArt LIVE SHOOTING Sony &#8211; Profoto AnmeldungAm Mittwoch, 17. November findet das Live Shooting im Musikklub Mehrspur in Z\u00fcrich statt. Daniel Gossmann fotografiert mit der Sony Alpha 1 eine professionelle Ballettt\u00e4nzerin. F\u00fcr ein sch\u00f6nes und akzentuiertes Licht sorgen die Blitzsysteme von Profoto. T\u00fcr\u00f6ffung ist um 18:00, das LIVE SHOOTING findet um 19:00 statt Wir bitten um Ihre Anmeldung: &nbsp;Musikklub Mehrspur, &#8230; <\/p>\n<div><a href=\"https:\/\/www.graphicart.ch\/de\/graphicart-live-shooting-sony-profoto\/\" class=\"more-link\">Read More<\/a><\/div>\n","protected":false},"author":3,"featured_media":0,"parent":0,"menu_order":0,"comment_status":"closed","ping_status":"closed","template":"template-blank-4.php","meta":{"_acf_changed":false,"_monsterinsights_skip_tracking":false,"_monsterinsights_sitenote_active":false,"_monsterinsights_sitenote_note":"","_monsterinsights_sitenote_category":0,"footnotes":""},"acf":[],"_links":{"self":[{"href":"https:\/\/www.graphicart.ch\/de\/wp-json\/wp\/v2\/pages\/10371"}],"collection":[{"href":"https:\/\/www.graphicart.ch\/de\/wp-json\/wp\/v2\/pages"}],"about":[{"href":"https:\/\/www.graphicart.ch\/de\/wp-json\/wp\/v2\/types\/page"}],"author":[{"embeddable":true,"href":"https:\/\/www.graphicart.ch\/de\/wp-json\/wp\/v2\/users\/3"}],"replies":[{"embeddable":true,"href":"https:\/\/www.graphicart.ch\/de\/wp-json\/wp\/v2\/comments?post=10371"}],"version-history":[{"count":14,"href":"https:\/\/www.graphicart.ch\/de\/wp-json\/wp\/v2\/pages\/10371\/revisions"}],"predecessor-version":[{"id":10437,"href":"https:\/\/www.graphicart.ch\/de\/wp-json\/wp\/v2\/pages\/10371\/revisions\/10437"}],"wp:attachment":[{"href":"https:\/\/www.graphicart.ch\/de\/wp-json\/wp\/v2\/media?parent=10371"}],"curies":[{"name":"wp","href":"https:\/\/api.w.org\/{rel}","templated":true}]}}