{"id":11044,"date":"2022-04-12T14:56:04","date_gmt":"2022-04-12T12:56:04","guid":{"rendered":"https:\/\/www.graphicart.ch\/?page_id=11044"},"modified":"2022-04-26T08:48:47","modified_gmt":"2022-04-26T06:48:47","slug":"workshop-blitz-hochzeit-mit-celine-weyermann","status":"publish","type":"page","link":"https:\/\/www.graphicart.ch\/de\/workshop-blitz-hochzeit-mit-celine-weyermann\/","title":{"rendered":"Workshop Blitz &#038; Hochzeit mit C\u00e9line Weyermann"},"content":{"rendered":"<div id=\"cs-content\" class=\"cs-content\"><\/div>\n","protected":false},"excerpt":{"rendered":"<p>Profoto Workshop Blitz &amp; Hochzeit mit C\u00e9line Weyermann Sie sind Hochzeitsfotograf:in und m\u00f6chten mit Blitzlicht ihre Hochzeitsbilder noch aussergew\u00f6hnlicher, interessanter und einmaliger gestalten. Sie benutzen noch keinen Blitz oder stehen mit dem Blitz auf Kriegsfuss? Dann ist dieser Workshop genau das Richtige f\u00fcr sie! C\u00e9line Weyermann wird sie dabei unterst\u00fctzen. In einer kleinen Gruppe mit max. 8 Teilnehmer:innen wird sie &#8230; <\/p>\n<div><a href=\"https:\/\/www.graphicart.ch\/de\/workshop-blitz-hochzeit-mit-celine-weyermann\/\" class=\"more-link\">Read More<\/a><\/div>\n","protected":false},"author":3,"featured_media":0,"parent":0,"menu_order":0,"comment_status":"closed","ping_status":"closed","template":"template-blank-4.php","meta":{"_acf_changed":false,"_monsterinsights_skip_tracking":false,"_monsterinsights_sitenote_active":false,"_monsterinsights_sitenote_note":"","_monsterinsights_sitenote_category":0,"footnotes":""},"acf":[],"_links":{"self":[{"href":"https:\/\/www.graphicart.ch\/de\/wp-json\/wp\/v2\/pages\/11044"}],"collection":[{"href":"https:\/\/www.graphicart.ch\/de\/wp-json\/wp\/v2\/pages"}],"about":[{"href":"https:\/\/www.graphicart.ch\/de\/wp-json\/wp\/v2\/types\/page"}],"author":[{"embeddable":true,"href":"https:\/\/www.graphicart.ch\/de\/wp-json\/wp\/v2\/users\/3"}],"replies":[{"embeddable":true,"href":"https:\/\/www.graphicart.ch\/de\/wp-json\/wp\/v2\/comments?post=11044"}],"version-history":[{"count":4,"href":"https:\/\/www.graphicart.ch\/de\/wp-json\/wp\/v2\/pages\/11044\/revisions"}],"predecessor-version":[{"id":11072,"href":"https:\/\/www.graphicart.ch\/de\/wp-json\/wp\/v2\/pages\/11044\/revisions\/11072"}],"wp:attachment":[{"href":"https:\/\/www.graphicart.ch\/de\/wp-json\/wp\/v2\/media?parent=11044"}],"curies":[{"name":"wp","href":"https:\/\/api.w.org\/{rel}","templated":true}]}}