{"id":11051,"date":"2022-04-12T17:03:10","date_gmt":"2022-04-12T15:03:10","guid":{"rendered":"https:\/\/www.graphicart.ch\/?page_id=11051"},"modified":"2022-04-22T08:55:25","modified_gmt":"2022-04-22T06:55:25","slug":"testest-workshop-blitz-hochzeit-mit-celine-weyermann","status":"publish","type":"page","link":"https:\/\/www.graphicart.ch\/de\/testest-workshop-blitz-hochzeit-mit-celine-weyermann\/","title":{"rendered":"TESTEST Workshop Blitz &#038; Hochzeit mit C\u00e9line Weyermann"},"content":{"rendered":"<div id=\"cs-content\" class=\"cs-content\"><\/div>\n","protected":false},"excerpt":{"rendered":"<p>Profoto Workshop Blitz &amp; Hochzeit mit C\u00e9line Weyermann Du bist Hochzeitsfotograf:in und m\u00f6chtest mit Blitzlicht deine Hochzeitsbilder noch aussergew\u00f6hnlicher, interessanter und einmaliger gestalten. Du benutzt noch keinen Blitz oder stehst mit dem Blitz auf Kriegsfuss? Dann ist dieser Workshop genau das Richtige f\u00fcr dich! C\u00e9line Weyermann wird dich dabei unterst\u00fctzen. In einer kleinen Gruppe mit max. 8 Teilnehmer:innen wird sie &#8230; <\/p>\n<div><a href=\"https:\/\/www.graphicart.ch\/de\/testest-workshop-blitz-hochzeit-mit-celine-weyermann\/\" class=\"more-link\">Read More<\/a><\/div>\n","protected":false},"author":3,"featured_media":0,"parent":0,"menu_order":0,"comment_status":"closed","ping_status":"closed","template":"template-blank-4.php","meta":{"_acf_changed":false,"_monsterinsights_skip_tracking":false,"_monsterinsights_sitenote_active":false,"_monsterinsights_sitenote_note":"","_monsterinsights_sitenote_category":0,"footnotes":""},"acf":[],"_links":{"self":[{"href":"https:\/\/www.graphicart.ch\/de\/wp-json\/wp\/v2\/pages\/11051"}],"collection":[{"href":"https:\/\/www.graphicart.ch\/de\/wp-json\/wp\/v2\/pages"}],"about":[{"href":"https:\/\/www.graphicart.ch\/de\/wp-json\/wp\/v2\/types\/page"}],"author":[{"embeddable":true,"href":"https:\/\/www.graphicart.ch\/de\/wp-json\/wp\/v2\/users\/3"}],"replies":[{"embeddable":true,"href":"https:\/\/www.graphicart.ch\/de\/wp-json\/wp\/v2\/comments?post=11051"}],"version-history":[{"count":5,"href":"https:\/\/www.graphicart.ch\/de\/wp-json\/wp\/v2\/pages\/11051\/revisions"}],"predecessor-version":[{"id":11071,"href":"https:\/\/www.graphicart.ch\/de\/wp-json\/wp\/v2\/pages\/11051\/revisions\/11071"}],"wp:attachment":[{"href":"https:\/\/www.graphicart.ch\/de\/wp-json\/wp\/v2\/media?parent=11051"}],"curies":[{"name":"wp","href":"https:\/\/api.w.org\/{rel}","templated":true}]}}