{"id":12492,"date":"2023-01-19T16:38:29","date_gmt":"2023-01-19T15:38:29","guid":{"rendered":"https:\/\/www.graphicart.ch\/?page_id=12492"},"modified":"2023-03-22T14:35:52","modified_gmt":"2023-03-22T13:35:52","slug":"nikon-testtag-25-maerz-2023-im-birdlife-naturzentrum-klingnauer-stausee-anmeldung","status":"publish","type":"page","link":"https:\/\/www.graphicart.ch\/de\/nikon-testtag-25-maerz-2023-im-birdlife-naturzentrum-klingnauer-stausee-anmeldung\/","title":{"rendered":"Nikon Testtag 25. M\u00e4rz 2023 im BirdLife-Naturzentrum Klingnauer Stausee, Anmeldung"},"content":{"rendered":"<div id=\"cs-content\" class=\"cs-content\"><\/div>\n","protected":false},"excerpt":{"rendered":"<p>GraphicArt Testtag: Nikon-Kameras und -Objektive im BirdLife-Naturzentrum, Klingnauer Stausee Termin: Samstag, 25. M\u00e4rz 2023 von 09:00 bis 15:00 An diesem Event k\u00f6nnen Sie Nikon-Kameras und -Objektive im nat\u00fcrlichen Umfeld testen. Beraten werden Sie vom Naturfotografen Hansruedi Weyrich und den Fachleuten von GraphicArt und Nikon. Eine Auswahl von Nikon-Produkten stehen zur Verf\u00fcgung. Der Testtag ist in drei zeitliche Slots unterteilt. Bitte &#8230; <\/p>\n<div><a href=\"https:\/\/www.graphicart.ch\/de\/nikon-testtag-25-maerz-2023-im-birdlife-naturzentrum-klingnauer-stausee-anmeldung\/\" class=\"more-link\">Read More<\/a><\/div>\n","protected":false},"author":3,"featured_media":0,"parent":0,"menu_order":0,"comment_status":"closed","ping_status":"closed","template":"template-blank-4.php","meta":{"_acf_changed":false,"_monsterinsights_skip_tracking":false,"_monsterinsights_sitenote_active":false,"_monsterinsights_sitenote_note":"","_monsterinsights_sitenote_category":0,"footnotes":""},"acf":[],"_links":{"self":[{"href":"https:\/\/www.graphicart.ch\/de\/wp-json\/wp\/v2\/pages\/12492"}],"collection":[{"href":"https:\/\/www.graphicart.ch\/de\/wp-json\/wp\/v2\/pages"}],"about":[{"href":"https:\/\/www.graphicart.ch\/de\/wp-json\/wp\/v2\/types\/page"}],"author":[{"embeddable":true,"href":"https:\/\/www.graphicart.ch\/de\/wp-json\/wp\/v2\/users\/3"}],"replies":[{"embeddable":true,"href":"https:\/\/www.graphicart.ch\/de\/wp-json\/wp\/v2\/comments?post=12492"}],"version-history":[{"count":9,"href":"https:\/\/www.graphicart.ch\/de\/wp-json\/wp\/v2\/pages\/12492\/revisions"}],"predecessor-version":[{"id":12847,"href":"https:\/\/www.graphicart.ch\/de\/wp-json\/wp\/v2\/pages\/12492\/revisions\/12847"}],"wp:attachment":[{"href":"https:\/\/www.graphicart.ch\/de\/wp-json\/wp\/v2\/media?parent=12492"}],"curies":[{"name":"wp","href":"https:\/\/api.w.org\/{rel}","templated":true}]}}