{"id":12777,"date":"2023-03-13T16:36:07","date_gmt":"2023-03-13T15:36:07","guid":{"rendered":"https:\/\/www.graphicart.ch\/?page_id=12777"},"modified":"2026-04-14T10:17:34","modified_gmt":"2026-04-14T08:17:34","slug":"reparaturen","status":"publish","type":"page","link":"https:\/\/www.graphicart.ch\/de\/reparaturen\/","title":{"rendered":"Reparaturen"},"content":{"rendered":"<div id=\"cs-content\" class=\"cs-content\"><\/div>\n","protected":false},"excerpt":{"rendered":"<p>Reparaturen Reparaturen in unserer\u00a0 Werkstatt in Z\u00fcrich f\u00fcr: Profoto, DNP, Mitsubishi, Sekonic, Kaiser Fototechnik, Cambo, Mamiya Reparaturen-Annahmestelle f\u00fcr: Nikon, Sony, Leica, Phase One Wir leiten das defekte Produkt an die offizielle Servicestelle des Herstellers weiter und erledigen die komplette Abwicklung. Sie k\u00f6nnen ihr defektes Ger\u00e4t in\u00a0 unseren Filialen in Z\u00fcrich oder Ittigen-Bern abgeben oder gerne auch mit einer Fehlerbeschreibung per &#8230; <\/p>\n<div><a href=\"https:\/\/www.graphicart.ch\/de\/reparaturen\/\" class=\"more-link\">Read More<\/a><\/div>\n","protected":false},"author":3,"featured_media":0,"parent":0,"menu_order":0,"comment_status":"closed","ping_status":"closed","template":"template-blank-4.php","meta":{"_acf_changed":false,"_monsterinsights_skip_tracking":false,"_monsterinsights_sitenote_active":false,"_monsterinsights_sitenote_note":"","_monsterinsights_sitenote_category":0,"footnotes":""},"acf":[],"_links":{"self":[{"href":"https:\/\/www.graphicart.ch\/de\/wp-json\/wp\/v2\/pages\/12777"}],"collection":[{"href":"https:\/\/www.graphicart.ch\/de\/wp-json\/wp\/v2\/pages"}],"about":[{"href":"https:\/\/www.graphicart.ch\/de\/wp-json\/wp\/v2\/types\/page"}],"author":[{"embeddable":true,"href":"https:\/\/www.graphicart.ch\/de\/wp-json\/wp\/v2\/users\/3"}],"replies":[{"embeddable":true,"href":"https:\/\/www.graphicart.ch\/de\/wp-json\/wp\/v2\/comments?post=12777"}],"version-history":[{"count":27,"href":"https:\/\/www.graphicart.ch\/de\/wp-json\/wp\/v2\/pages\/12777\/revisions"}],"predecessor-version":[{"id":20522,"href":"https:\/\/www.graphicart.ch\/de\/wp-json\/wp\/v2\/pages\/12777\/revisions\/20522"}],"wp:attachment":[{"href":"https:\/\/www.graphicart.ch\/de\/wp-json\/wp\/v2\/media?parent=12777"}],"curies":[{"name":"wp","href":"https:\/\/api.w.org\/{rel}","templated":true}]}}