{"id":15681,"date":"2024-06-25T23:33:54","date_gmt":"2024-06-25T21:33:54","guid":{"rendered":"https:\/\/www.graphicart.ch\/?page_id=15681"},"modified":"2025-03-25T13:58:04","modified_gmt":"2025-03-25T12:58:04","slug":"profoto-studio-solutions","status":"publish","type":"page","link":"https:\/\/www.graphicart.ch\/de\/profoto-studio-solutions\/","title":{"rendered":"Profoto Studio Solutions"},"content":{"rendered":"<div id=\"cs-content\" class=\"cs-content\"><\/div>\n","protected":false},"excerpt":{"rendered":"<p>GO TO PROFOTO FLASH&#x25b8;Automatisiertes Generieren von Bildinhalten f\u00fcr den Bereich ModeF\u00fcr die Erstellung von E-Commerce-Inhalten gibt es keine Universall\u00f6sungen. Deshalb bietet Profoto verschiedenste Foto- und Videol\u00f6sungen f\u00fcr On-Model-, On-Mannequin- und Flatlay-Aufnahmen und f\u00fcr Aufnahmen von Schuhen und Accessoires an. Angefangen bei vollst\u00e4ndig automatisierten L\u00f6sungen bis hin zu L\u00f6sungen die eine grosse Kreativit\u00e4t erlauben. Die nahtlose Integration aller L\u00f6sungen in ProStudio &#8230; <\/p>\n<div><a href=\"https:\/\/www.graphicart.ch\/de\/profoto-studio-solutions\/\" class=\"more-link\">Read More<\/a><\/div>\n","protected":false},"author":9,"featured_media":0,"parent":0,"menu_order":0,"comment_status":"closed","ping_status":"closed","template":"template-blank-4.php","meta":{"_acf_changed":false,"_monsterinsights_skip_tracking":false,"_monsterinsights_sitenote_active":false,"_monsterinsights_sitenote_note":"","_monsterinsights_sitenote_category":0,"footnotes":""},"acf":[],"_links":{"self":[{"href":"https:\/\/www.graphicart.ch\/de\/wp-json\/wp\/v2\/pages\/15681"}],"collection":[{"href":"https:\/\/www.graphicart.ch\/de\/wp-json\/wp\/v2\/pages"}],"about":[{"href":"https:\/\/www.graphicart.ch\/de\/wp-json\/wp\/v2\/types\/page"}],"author":[{"embeddable":true,"href":"https:\/\/www.graphicart.ch\/de\/wp-json\/wp\/v2\/users\/9"}],"replies":[{"embeddable":true,"href":"https:\/\/www.graphicart.ch\/de\/wp-json\/wp\/v2\/comments?post=15681"}],"version-history":[{"count":20,"href":"https:\/\/www.graphicart.ch\/de\/wp-json\/wp\/v2\/pages\/15681\/revisions"}],"predecessor-version":[{"id":18145,"href":"https:\/\/www.graphicart.ch\/de\/wp-json\/wp\/v2\/pages\/15681\/revisions\/18145"}],"wp:attachment":[{"href":"https:\/\/www.graphicart.ch\/de\/wp-json\/wp\/v2\/media?parent=15681"}],"curies":[{"name":"wp","href":"https:\/\/api.w.org\/{rel}","templated":true}]}}