{"id":16602,"date":"2024-09-24T15:44:27","date_gmt":"2024-09-24T13:44:27","guid":{"rendered":"https:\/\/www.graphicart.ch\/?page_id=16602"},"modified":"2024-11-29T11:25:06","modified_gmt":"2024-11-29T10:25:06","slug":"nikon-z6iii-und-z50ii-test-and-try-anmeldeformular","status":"publish","type":"page","link":"https:\/\/www.graphicart.ch\/de\/nikon-z6iii-und-z50ii-test-and-try-anmeldeformular\/","title":{"rendered":"Nikon Z6III und Z50II TEST AND TRY Anmeldeformular"},"content":{"rendered":"<div id=\"cs-content\" class=\"cs-content\"><\/div>\n","protected":false},"excerpt":{"rendered":"<p>Nikon TEST AND TRY f\u00fcr Nikon Z6III und Nikon Z50II Mit diesem Formular k\u00f6nnen Sie sich f\u00fcr den Nikon Z6III oder Z50II TEST AND TRY anmelden. Sie k\u00f6nnen den Kamera-Typ, den Abholort und das Abholdatum w\u00e4hlen. Wenn Sie zum Test der Nikon Z6III ein Nikon Z Objektiv ben\u00f6tigen, k\u00f6nnen Sie dies eingeben. Gerne beraten wir Sie auch telefonisch. &nbsp; Nikon &#8230; <\/p>\n<div><a href=\"https:\/\/www.graphicart.ch\/de\/nikon-z6iii-und-z50ii-test-and-try-anmeldeformular\/\" class=\"more-link\">Read More<\/a><\/div>\n","protected":false},"author":3,"featured_media":0,"parent":0,"menu_order":0,"comment_status":"closed","ping_status":"closed","template":"template-blank-4.php","meta":{"_acf_changed":false,"_monsterinsights_skip_tracking":false,"_monsterinsights_sitenote_active":false,"_monsterinsights_sitenote_note":"","_monsterinsights_sitenote_category":0,"footnotes":""},"acf":[],"_links":{"self":[{"href":"https:\/\/www.graphicart.ch\/de\/wp-json\/wp\/v2\/pages\/16602"}],"collection":[{"href":"https:\/\/www.graphicart.ch\/de\/wp-json\/wp\/v2\/pages"}],"about":[{"href":"https:\/\/www.graphicart.ch\/de\/wp-json\/wp\/v2\/types\/page"}],"author":[{"embeddable":true,"href":"https:\/\/www.graphicart.ch\/de\/wp-json\/wp\/v2\/users\/3"}],"replies":[{"embeddable":true,"href":"https:\/\/www.graphicart.ch\/de\/wp-json\/wp\/v2\/comments?post=16602"}],"version-history":[{"count":17,"href":"https:\/\/www.graphicart.ch\/de\/wp-json\/wp\/v2\/pages\/16602\/revisions"}],"predecessor-version":[{"id":17124,"href":"https:\/\/www.graphicart.ch\/de\/wp-json\/wp\/v2\/pages\/16602\/revisions\/17124"}],"wp:attachment":[{"href":"https:\/\/www.graphicart.ch\/de\/wp-json\/wp\/v2\/media?parent=16602"}],"curies":[{"name":"wp","href":"https:\/\/api.w.org\/{rel}","templated":true}]}}