{"id":17723,"date":"2025-02-17T10:09:29","date_gmt":"2025-02-17T09:09:29","guid":{"rendered":"https:\/\/www.graphicart.ch\/?page_id=17723"},"modified":"2025-02-26T16:49:48","modified_gmt":"2025-02-26T15:49:48","slug":"sony-foto-walk-mit-dem-neue-super-telezoom-sony-400-800mm","status":"publish","type":"page","link":"https:\/\/www.graphicart.ch\/de\/sony-foto-walk-mit-dem-neue-super-telezoom-sony-400-800mm\/","title":{"rendered":"Landing Page: Sony Foto-Walk mit dem neue Super-Telezoom Sony 400-800mm"},"content":{"rendered":"<div id=\"cs-content\" class=\"cs-content\"><\/div>\n","protected":false},"excerpt":{"rendered":"<p>Sony Foto-Walk mit dem neuen Sony Super-Telezoom 400-800mm Termin: 29. M\u00e4rz 2025, 09:00 bis 15:00 im BirdLife Zentrum am Klingnauer Stausee Dieser Testtag bietet die M\u00f6glichkeit das neue Sony Super-Telezoom 400-800 mm im am Klingnauer Stausee zu testen. Lukas Moesch begleitet diesen Foto-Walk und unterst\u00fctzt die Teilnehmer mit seinen Erfahrungen. F\u00fcr jeden Teilnehmer steht w\u00e4hrend einer Stunde das neue Objektiv &#8230; <\/p>\n<div><a href=\"https:\/\/www.graphicart.ch\/de\/sony-foto-walk-mit-dem-neue-super-telezoom-sony-400-800mm\/\" class=\"more-link\">Read More<\/a><\/div>\n","protected":false},"author":3,"featured_media":0,"parent":0,"menu_order":0,"comment_status":"closed","ping_status":"closed","template":"template-blank-4.php","meta":{"_acf_changed":false,"_monsterinsights_skip_tracking":false,"_monsterinsights_sitenote_active":false,"_monsterinsights_sitenote_note":"","_monsterinsights_sitenote_category":0,"footnotes":""},"acf":[],"_links":{"self":[{"href":"https:\/\/www.graphicart.ch\/de\/wp-json\/wp\/v2\/pages\/17723"}],"collection":[{"href":"https:\/\/www.graphicart.ch\/de\/wp-json\/wp\/v2\/pages"}],"about":[{"href":"https:\/\/www.graphicart.ch\/de\/wp-json\/wp\/v2\/types\/page"}],"author":[{"embeddable":true,"href":"https:\/\/www.graphicart.ch\/de\/wp-json\/wp\/v2\/users\/3"}],"replies":[{"embeddable":true,"href":"https:\/\/www.graphicart.ch\/de\/wp-json\/wp\/v2\/comments?post=17723"}],"version-history":[{"count":29,"href":"https:\/\/www.graphicart.ch\/de\/wp-json\/wp\/v2\/pages\/17723\/revisions"}],"predecessor-version":[{"id":17932,"href":"https:\/\/www.graphicart.ch\/de\/wp-json\/wp\/v2\/pages\/17723\/revisions\/17932"}],"wp:attachment":[{"href":"https:\/\/www.graphicart.ch\/de\/wp-json\/wp\/v2\/media?parent=17723"}],"curies":[{"name":"wp","href":"https:\/\/api.w.org\/{rel}","templated":true}]}}