{"id":19451,"date":"2025-11-12T13:39:21","date_gmt":"2025-11-12T12:39:21","guid":{"rendered":"https:\/\/www.graphicart.ch\/?page_id=19451"},"modified":"2025-11-19T13:58:16","modified_gmt":"2025-11-19T12:58:16","slug":"nikon-zr-test-and-try","status":"publish","type":"page","link":"https:\/\/www.graphicart.ch\/de\/nikon-zr-test-and-try\/","title":{"rendered":"Nikon ZR TEST AND TRY Anmeldeformular"},"content":{"rendered":"<div id=\"cs-content\" class=\"cs-content\"><\/div>\n","protected":false},"excerpt":{"rendered":"<p>Nikon TEST AND TRY f\u00fcr die Nikon ZR\u00a0 Mit diesem Formular k\u00f6nnen Sie sich f\u00fcr den Nikon ZR TEST AND TRY anmelden. Sie k\u00f6nnen den Abholort und das Abholdatum w\u00e4hlen. Wenn Sie zum Test der Nikon ZR ein Nikon Z Objektiv ben\u00f6tigen, k\u00f6nnen Sie dies im Formular eingeben. Gerne beraten wir Sie auch telefonisch. &nbsp; Abholen in Z\u00fcrich&nbsp; Abholen in &#8230; <\/p>\n<div><a href=\"https:\/\/www.graphicart.ch\/de\/nikon-zr-test-and-try\/\" class=\"more-link\">Read More<\/a><\/div>\n","protected":false},"author":12,"featured_media":0,"parent":0,"menu_order":0,"comment_status":"closed","ping_status":"closed","template":"template-blank-4.php","meta":{"_acf_changed":false,"_monsterinsights_skip_tracking":false,"_monsterinsights_sitenote_active":false,"_monsterinsights_sitenote_note":"","_monsterinsights_sitenote_category":0,"footnotes":""},"acf":[],"_links":{"self":[{"href":"https:\/\/www.graphicart.ch\/de\/wp-json\/wp\/v2\/pages\/19451"}],"collection":[{"href":"https:\/\/www.graphicart.ch\/de\/wp-json\/wp\/v2\/pages"}],"about":[{"href":"https:\/\/www.graphicart.ch\/de\/wp-json\/wp\/v2\/types\/page"}],"author":[{"embeddable":true,"href":"https:\/\/www.graphicart.ch\/de\/wp-json\/wp\/v2\/users\/12"}],"replies":[{"embeddable":true,"href":"https:\/\/www.graphicart.ch\/de\/wp-json\/wp\/v2\/comments?post=19451"}],"version-history":[{"count":7,"href":"https:\/\/www.graphicart.ch\/de\/wp-json\/wp\/v2\/pages\/19451\/revisions"}],"predecessor-version":[{"id":19504,"href":"https:\/\/www.graphicart.ch\/de\/wp-json\/wp\/v2\/pages\/19451\/revisions\/19504"}],"wp:attachment":[{"href":"https:\/\/www.graphicart.ch\/de\/wp-json\/wp\/v2\/media?parent=19451"}],"curies":[{"name":"wp","href":"https:\/\/api.w.org\/{rel}","templated":true}]}}