{"id":36,"date":"2017-03-20T16:47:17","date_gmt":"2017-03-20T15:47:17","guid":{"rendered":"https:\/\/www.graphicart.ch\/?page_id=36"},"modified":"2018-06-11T10:46:57","modified_gmt":"2018-06-11T08:46:57","slug":"lageplan-ittigen","status":"publish","type":"page","link":"https:\/\/www.graphicart.ch\/de\/lageplan-ittigen\/","title":{"rendered":"Lageplan Ittigen"},"content":{"rendered":"<div id=\"cs-content\" class=\"cs-content\"><\/div>\n","protected":false},"excerpt":{"rendered":"<p>GraphicArt Ittigen-Bern M\u00fchlestrasse 7 CH-3063 Ittigen-Bern Tel. 031 922 00 22 Fax 031 921 53 25 Mail info@graphicart.ch \u00d6ffnungszeiten Montag bis Freitag 08:00\u00a0\u2013 12:00 13:15 \u2013 17:30 Notfalltelefon bei produktionsgef\u00e4hrdenden St\u00f6rungen Besuche ausserhalb der \u00d6ffnungszeiten nach Absprache Anreise ab Hauptbahnhof Bern RBS-Bahn S7 RBS-Bahn S7 Richtung Worb, f\u00e4hrt im 15 min. Takt, Fahrtdauer ca. 6 Minuten, Online-Fahrplan. Station \u00abPapierm\u00fchle\u00bb aussteigen &#8230; <\/p>\n<div><a href=\"https:\/\/www.graphicart.ch\/de\/lageplan-ittigen\/\" class=\"more-link\">Read More<\/a><\/div>\n","protected":false},"author":1,"featured_media":0,"parent":0,"menu_order":0,"comment_status":"closed","ping_status":"closed","template":"template-blank-4.php","meta":{"_acf_changed":false,"_monsterinsights_skip_tracking":false,"_monsterinsights_sitenote_active":false,"_monsterinsights_sitenote_note":"","_monsterinsights_sitenote_category":0,"footnotes":""},"acf":[],"_links":{"self":[{"href":"https:\/\/www.graphicart.ch\/de\/wp-json\/wp\/v2\/pages\/36"}],"collection":[{"href":"https:\/\/www.graphicart.ch\/de\/wp-json\/wp\/v2\/pages"}],"about":[{"href":"https:\/\/www.graphicart.ch\/de\/wp-json\/wp\/v2\/types\/page"}],"author":[{"embeddable":true,"href":"https:\/\/www.graphicart.ch\/de\/wp-json\/wp\/v2\/users\/1"}],"replies":[{"embeddable":true,"href":"https:\/\/www.graphicart.ch\/de\/wp-json\/wp\/v2\/comments?post=36"}],"version-history":[{"count":72,"href":"https:\/\/www.graphicart.ch\/de\/wp-json\/wp\/v2\/pages\/36\/revisions"}],"predecessor-version":[{"id":3893,"href":"https:\/\/www.graphicart.ch\/de\/wp-json\/wp\/v2\/pages\/36\/revisions\/3893"}],"wp:attachment":[{"href":"https:\/\/www.graphicart.ch\/de\/wp-json\/wp\/v2\/media?parent=36"}],"curies":[{"name":"wp","href":"https:\/\/api.w.org\/{rel}","templated":true}]}}