{"id":823,"date":"2017-03-28T22:41:19","date_gmt":"2017-03-28T20:41:19","guid":{"rendered":"https:\/\/www.graphicart.ch\/?page_id=823"},"modified":"2024-04-11T16:10:56","modified_gmt":"2024-04-11T14:10:56","slug":"lageplan-zurich","status":"publish","type":"page","link":"https:\/\/www.graphicart.ch\/de\/lageplan-zurich\/","title":{"rendered":"Lageplan Z\u00fcrich"},"content":{"rendered":"<div id=\"cs-content\" class=\"cs-content\"><\/div>\n","protected":false},"excerpt":{"rendered":"<p>GraphicArt Z\u00fcrich F\u00f6rrlibuckstrasse 220 CH-8005 Z\u00fcrich Tel. 043 388 00 22 Fax 043 388 00 38 Mail info@graphicart.ch Montag bis Freitag 08:00 &#8211; 12:00 Uhr 13:15 &#8211; 17:30 Uhr Notfalltelefon bei produktionsgef\u00e4hrdenden St\u00f6rungen Besuche ausserhalb der \u00d6ffnungszeiten nach Absprache Anreise ab Hauptbahnhof Z\u00fcrich Tram Nr. 17 Richtung Werdh\u00f6lzli, Online Fahrplan Station \u00abBernoulli-H\u00e4user\u00bb aussteigen Strasse \u00fcberqueren ca. 100 m geradeaus zwischen &#8230; <\/p>\n<div><a href=\"https:\/\/www.graphicart.ch\/de\/lageplan-zurich\/\" class=\"more-link\">Read More<\/a><\/div>\n","protected":false},"author":2,"featured_media":0,"parent":0,"menu_order":0,"comment_status":"closed","ping_status":"closed","template":"template-blank-4.php","meta":{"_acf_changed":false,"_monsterinsights_skip_tracking":false,"_monsterinsights_sitenote_active":false,"_monsterinsights_sitenote_note":"","_monsterinsights_sitenote_category":0,"footnotes":""},"acf":[],"_links":{"self":[{"href":"https:\/\/www.graphicart.ch\/de\/wp-json\/wp\/v2\/pages\/823"}],"collection":[{"href":"https:\/\/www.graphicart.ch\/de\/wp-json\/wp\/v2\/pages"}],"about":[{"href":"https:\/\/www.graphicart.ch\/de\/wp-json\/wp\/v2\/types\/page"}],"author":[{"embeddable":true,"href":"https:\/\/www.graphicart.ch\/de\/wp-json\/wp\/v2\/users\/2"}],"replies":[{"embeddable":true,"href":"https:\/\/www.graphicart.ch\/de\/wp-json\/wp\/v2\/comments?post=823"}],"version-history":[{"count":31,"href":"https:\/\/www.graphicart.ch\/de\/wp-json\/wp\/v2\/pages\/823\/revisions"}],"predecessor-version":[{"id":15228,"href":"https:\/\/www.graphicart.ch\/de\/wp-json\/wp\/v2\/pages\/823\/revisions\/15228"}],"wp:attachment":[{"href":"https:\/\/www.graphicart.ch\/de\/wp-json\/wp\/v2\/media?parent=823"}],"curies":[{"name":"wp","href":"https:\/\/api.w.org\/{rel}","templated":true}]}}