{"id":12493,"date":"2023-01-31T11:07:26","date_gmt":"2023-01-31T10:07:26","guid":{"rendered":"https:\/\/www.graphicart.ch\/?page_id=12493"},"modified":"2023-03-22T14:42:53","modified_gmt":"2023-03-22T13:42:53","slug":"journee-de-test-nikon-25-03-2023-centre-nature-birdlife-klingnauer-stausee-f","status":"publish","type":"page","link":"https:\/\/www.graphicart.ch\/fr\/journee-de-test-nikon-25-03-2023-centre-nature-birdlife-klingnauer-stausee-f\/","title":{"rendered":"Journ\u00e9e de test Nikon 25.03.2023 centre-nature BirdLife, Klingnauer Stausee F"},"content":{"rendered":"<div id=\"cs-content\" class=\"cs-content\"><\/div>\n","protected":false},"excerpt":{"rendered":"<p>Journ\u00e9e de test GraphicArt: Appareils photo et objectifs Nikon au centre-nature BirdLife, Klingnauer Stausee\u00a0 Date: samedi 25 mars 2023 de 9h00 \u00e0 15h00 Lors de cet \u00e9v\u00e9nement, vous pourrez tester des appareils photo et des objectifs Nikon dans un environnement naturel. Vous serez conseill\u00e9s par le photographe de nature Hansruedi Weyrich et les sp\u00e9cialistes de GraphicArt et Nikon. Une s\u00e9lection &#8230; <\/p>\n<div><a href=\"https:\/\/www.graphicart.ch\/fr\/journee-de-test-nikon-25-03-2023-centre-nature-birdlife-klingnauer-stausee-f\/\" class=\"more-link\">Read More<\/a><\/div>\n","protected":false},"author":3,"featured_media":0,"parent":0,"menu_order":0,"comment_status":"closed","ping_status":"closed","template":"template-blank-4.php","meta":{"_acf_changed":false,"_monsterinsights_skip_tracking":false,"_monsterinsights_sitenote_active":false,"_monsterinsights_sitenote_note":"","_monsterinsights_sitenote_category":0,"footnotes":""},"acf":[],"_links":{"self":[{"href":"https:\/\/www.graphicart.ch\/fr\/wp-json\/wp\/v2\/pages\/12493"}],"collection":[{"href":"https:\/\/www.graphicart.ch\/fr\/wp-json\/wp\/v2\/pages"}],"about":[{"href":"https:\/\/www.graphicart.ch\/fr\/wp-json\/wp\/v2\/types\/page"}],"author":[{"embeddable":true,"href":"https:\/\/www.graphicart.ch\/fr\/wp-json\/wp\/v2\/users\/3"}],"replies":[{"embeddable":true,"href":"https:\/\/www.graphicart.ch\/fr\/wp-json\/wp\/v2\/comments?post=12493"}],"version-history":[{"count":10,"href":"https:\/\/www.graphicart.ch\/fr\/wp-json\/wp\/v2\/pages\/12493\/revisions"}],"predecessor-version":[{"id":12848,"href":"https:\/\/www.graphicart.ch\/fr\/wp-json\/wp\/v2\/pages\/12493\/revisions\/12848"}],"wp:attachment":[{"href":"https:\/\/www.graphicart.ch\/fr\/wp-json\/wp\/v2\/media?parent=12493"}],"curies":[{"name":"wp","href":"https:\/\/api.w.org\/{rel}","templated":true}]}}