{"id":12778,"date":"2024-03-11T13:57:44","date_gmt":"2024-03-11T12:57:44","guid":{"rendered":"https:\/\/www.graphicart.ch\/?page_id=12778"},"modified":"2024-03-12T10:50:21","modified_gmt":"2024-03-12T09:50:21","slug":"reparations","status":"publish","type":"page","link":"https:\/\/www.graphicart.ch\/fr\/reparations\/","title":{"rendered":"R\u00e9parations"},"content":{"rendered":"<div id=\"cs-content\" class=\"cs-content\"><\/div>\n","protected":false},"excerpt":{"rendered":"<p>R\u00e9parations R\u00e9parations dans notre atelier de Zurich pour les marques: Profoto, DNP, Mitsubishi, Sekonic, Kaiser Fototechnik, Cambo, Mamiya. Service de r\u00e9ception des r\u00e9parations pour les marques: Nikon, Sony, Leica, Phase One. Nous envoyons le produit d\u00e9fectueux au service apr\u00e8s-vente officiel du fabricant et nous chargeons de toutes les d\u00e9marches. Vous pouvez d\u00e9poser votre appareil d\u00e9fectueux dans nos filiales de Zurich &#8230; <\/p>\n<div><a href=\"https:\/\/www.graphicart.ch\/fr\/reparations\/\" class=\"more-link\">Read More<\/a><\/div>\n","protected":false},"author":3,"featured_media":0,"parent":0,"menu_order":0,"comment_status":"closed","ping_status":"closed","template":"template-blank-4.php","meta":{"_acf_changed":false,"_monsterinsights_skip_tracking":false,"_monsterinsights_sitenote_active":false,"_monsterinsights_sitenote_note":"","_monsterinsights_sitenote_category":0,"footnotes":""},"acf":[],"_links":{"self":[{"href":"https:\/\/www.graphicart.ch\/fr\/wp-json\/wp\/v2\/pages\/12778"}],"collection":[{"href":"https:\/\/www.graphicart.ch\/fr\/wp-json\/wp\/v2\/pages"}],"about":[{"href":"https:\/\/www.graphicart.ch\/fr\/wp-json\/wp\/v2\/types\/page"}],"author":[{"embeddable":true,"href":"https:\/\/www.graphicart.ch\/fr\/wp-json\/wp\/v2\/users\/3"}],"replies":[{"embeddable":true,"href":"https:\/\/www.graphicart.ch\/fr\/wp-json\/wp\/v2\/comments?post=12778"}],"version-history":[{"count":6,"href":"https:\/\/www.graphicart.ch\/fr\/wp-json\/wp\/v2\/pages\/12778\/revisions"}],"predecessor-version":[{"id":15062,"href":"https:\/\/www.graphicart.ch\/fr\/wp-json\/wp\/v2\/pages\/12778\/revisions\/15062"}],"wp:attachment":[{"href":"https:\/\/www.graphicart.ch\/fr\/wp-json\/wp\/v2\/media?parent=12778"}],"curies":[{"name":"wp","href":"https:\/\/api.w.org\/{rel}","templated":true}]}}