{"id":15682,"date":"2025-02-20T17:24:49","date_gmt":"2025-02-20T16:24:49","guid":{"rendered":"https:\/\/www.graphicart.ch\/?page_id=15682"},"modified":"2025-03-14T06:48:56","modified_gmt":"2025-03-14T05:48:56","slug":"profoto-studioloesungen","status":"publish","type":"page","link":"https:\/\/www.graphicart.ch\/fr\/profoto-studioloesungen\/","title":{"rendered":"Profoto Studiol\u00f6sungen"},"content":{"rendered":"<div id=\"cs-content\" class=\"cs-content\"><\/div>\n","protected":false},"excerpt":{"rendered":"<p>GO TO PROFOTO FLASH&#x25b8;Automatisiertes Generieren von Bildinhalten f\u00fcr den Bereich ModeF\u00fcr die Erstellung von E-Commerce-Inhalten gibt es keine Universall\u00f6sungen. Deshalb bietet Profoto verschiedenste Foto- und Videol\u00f6sungen f\u00fcr On-Model-, On-Mannequin- und Flatlay-Aufnahmen und f\u00fcr Aufnahmen von Schuhen und Accessoires an. Angefangen bei vollst\u00e4ndig automatisierten L\u00f6sungen bis hin zu L\u00f6sungen die eine grosse Kreativit\u00e4t erlauben. Die nahtlose Integration aller L\u00f6sungen in ProStudio &#8230; <\/p>\n<div><a href=\"https:\/\/www.graphicart.ch\/fr\/profoto-studioloesungen\/\" class=\"more-link\">Read More<\/a><\/div>\n","protected":false},"author":9,"featured_media":0,"parent":0,"menu_order":0,"comment_status":"closed","ping_status":"closed","template":"template-blank-4.php","meta":{"_acf_changed":false,"_monsterinsights_skip_tracking":false,"_monsterinsights_sitenote_active":false,"_monsterinsights_sitenote_note":"","_monsterinsights_sitenote_category":0,"footnotes":""},"acf":[],"_links":{"self":[{"href":"https:\/\/www.graphicart.ch\/fr\/wp-json\/wp\/v2\/pages\/15682"}],"collection":[{"href":"https:\/\/www.graphicart.ch\/fr\/wp-json\/wp\/v2\/pages"}],"about":[{"href":"https:\/\/www.graphicart.ch\/fr\/wp-json\/wp\/v2\/types\/page"}],"author":[{"embeddable":true,"href":"https:\/\/www.graphicart.ch\/fr\/wp-json\/wp\/v2\/users\/9"}],"replies":[{"embeddable":true,"href":"https:\/\/www.graphicart.ch\/fr\/wp-json\/wp\/v2\/comments?post=15682"}],"version-history":[{"count":8,"href":"https:\/\/www.graphicart.ch\/fr\/wp-json\/wp\/v2\/pages\/15682\/revisions"}],"predecessor-version":[{"id":18001,"href":"https:\/\/www.graphicart.ch\/fr\/wp-json\/wp\/v2\/pages\/15682\/revisions\/18001"}],"wp:attachment":[{"href":"https:\/\/www.graphicart.ch\/fr\/wp-json\/wp\/v2\/media?parent=15682"}],"curies":[{"name":"wp","href":"https:\/\/api.w.org\/{rel}","templated":true}]}}