{"id":15817,"date":"2024-07-02T14:01:56","date_gmt":"2024-07-02T12:01:56","guid":{"rendered":"https:\/\/www.graphicart.ch\/?page_id=15817"},"modified":"2024-08-16T21:41:03","modified_gmt":"2024-08-16T19:41:03","slug":"journee-de-test-nikon-31-08-2024-centre-nature-birdlife-la-sauge-f","status":"publish","type":"page","link":"https:\/\/www.graphicart.ch\/fr\/journee-de-test-nikon-31-08-2024-centre-nature-birdlife-la-sauge-f\/","title":{"rendered":"Journ\u00e9e de test Nikon 31.08.2024 centre-nature BirdLife, La Sauge F"},"content":{"rendered":"<div id=\"cs-content\" class=\"cs-content\"><\/div>\n","protected":false},"excerpt":{"rendered":"<p>Journ\u00e9e de test GraphicArt: Appareils photo et objectifs Nikon au centre-nature BirdLife, La Sauge Date: Samedi 31 ao\u00fbt 2024 de 9h00 \u00e0 15h00 Lors de cet \u00e9v\u00e9nement, vous pourrez tester des appareils photo et des objectifs Nikon dans un environnement naturel. Vous serez conseill\u00e9s par le photographe de nature Hansruedi Weyrich et les sp\u00e9cialistes de GraphicArt et Nikon. Une s\u00e9lection &#8230; <\/p>\n<div><a href=\"https:\/\/www.graphicart.ch\/fr\/journee-de-test-nikon-31-08-2024-centre-nature-birdlife-la-sauge-f\/\" class=\"more-link\">Read More<\/a><\/div>\n","protected":false},"author":3,"featured_media":0,"parent":0,"menu_order":0,"comment_status":"closed","ping_status":"closed","template":"template-blank-4.php","meta":{"_acf_changed":false,"_monsterinsights_skip_tracking":false,"_monsterinsights_sitenote_active":false,"_monsterinsights_sitenote_note":"","_monsterinsights_sitenote_category":0,"footnotes":""},"acf":[],"_links":{"self":[{"href":"https:\/\/www.graphicart.ch\/fr\/wp-json\/wp\/v2\/pages\/15817"}],"collection":[{"href":"https:\/\/www.graphicart.ch\/fr\/wp-json\/wp\/v2\/pages"}],"about":[{"href":"https:\/\/www.graphicart.ch\/fr\/wp-json\/wp\/v2\/types\/page"}],"author":[{"embeddable":true,"href":"https:\/\/www.graphicart.ch\/fr\/wp-json\/wp\/v2\/users\/3"}],"replies":[{"embeddable":true,"href":"https:\/\/www.graphicart.ch\/fr\/wp-json\/wp\/v2\/comments?post=15817"}],"version-history":[{"count":17,"href":"https:\/\/www.graphicart.ch\/fr\/wp-json\/wp\/v2\/pages\/15817\/revisions"}],"predecessor-version":[{"id":16328,"href":"https:\/\/www.graphicart.ch\/fr\/wp-json\/wp\/v2\/pages\/15817\/revisions\/16328"}],"wp:attachment":[{"href":"https:\/\/www.graphicart.ch\/fr\/wp-json\/wp\/v2\/media?parent=15817"}],"curies":[{"name":"wp","href":"https:\/\/api.w.org\/{rel}","templated":true}]}}