{"id":18106,"date":"2025-03-24T14:28:55","date_gmt":"2025-03-24T13:28:55","guid":{"rendered":"https:\/\/www.graphicart.ch\/?page_id=18106"},"modified":"2025-04-22T10:24:24","modified_gmt":"2025-04-22T08:24:24","slug":"journee-de-test-nikon-25-03-2023-centre-nature-birdlife-klingnauer-stausee-f-3-2","status":"publish","type":"page","link":"https:\/\/www.graphicart.ch\/fr\/journee-de-test-nikon-25-03-2023-centre-nature-birdlife-klingnauer-stausee-f-3-2\/","title":{"rendered":"Journ\u00e9e de test Nikon 25.03.2023 centre-nature BirdLife, Klingnauer Stausee F"},"content":{"rendered":"<div id=\"cs-content\" class=\"cs-content\"><\/div>\n","protected":false},"excerpt":{"rendered":"<p>Journ\u00e9e de test GraphicArt: Appareils photo et objectifs Nikon au Centre-nature BirdLife du lac de barrage de Klingnau Date: samedi 3 mai 2025 de 9h00 \u00e0 15h00 Lors de cet \u00e9v\u00e9nement, vous pourrez tester des appareils photo et des objectifs Nikon dans un environnement naturel. Vous serez conseill\u00e9s par le photographe de nature Hansruedi Weyrich et les sp\u00e9cialistes de GraphicArt &#8230; <\/p>\n<div><a href=\"https:\/\/www.graphicart.ch\/fr\/journee-de-test-nikon-25-03-2023-centre-nature-birdlife-klingnauer-stausee-f-3-2\/\" class=\"more-link\">Read More<\/a><\/div>\n","protected":false},"author":3,"featured_media":0,"parent":0,"menu_order":0,"comment_status":"closed","ping_status":"closed","template":"template-blank-4.php","meta":{"_acf_changed":false,"_monsterinsights_skip_tracking":false,"_monsterinsights_sitenote_active":false,"_monsterinsights_sitenote_note":"","_monsterinsights_sitenote_category":0,"footnotes":""},"acf":[],"_links":{"self":[{"href":"https:\/\/www.graphicart.ch\/fr\/wp-json\/wp\/v2\/pages\/18106"}],"collection":[{"href":"https:\/\/www.graphicart.ch\/fr\/wp-json\/wp\/v2\/pages"}],"about":[{"href":"https:\/\/www.graphicart.ch\/fr\/wp-json\/wp\/v2\/types\/page"}],"author":[{"embeddable":true,"href":"https:\/\/www.graphicart.ch\/fr\/wp-json\/wp\/v2\/users\/3"}],"replies":[{"embeddable":true,"href":"https:\/\/www.graphicart.ch\/fr\/wp-json\/wp\/v2\/comments?post=18106"}],"version-history":[{"count":12,"href":"https:\/\/www.graphicart.ch\/fr\/wp-json\/wp\/v2\/pages\/18106\/revisions"}],"predecessor-version":[{"id":18274,"href":"https:\/\/www.graphicart.ch\/fr\/wp-json\/wp\/v2\/pages\/18106\/revisions\/18274"}],"wp:attachment":[{"href":"https:\/\/www.graphicart.ch\/fr\/wp-json\/wp\/v2\/media?parent=18106"}],"curies":[{"name":"wp","href":"https:\/\/api.w.org\/{rel}","templated":true}]}}