{"id":18247,"date":"2025-04-16T15:55:06","date_gmt":"2025-04-16T13:55:06","guid":{"rendered":"https:\/\/www.graphicart.ch\/?page_id=18247"},"modified":"2025-04-16T15:55:06","modified_gmt":"2025-04-16T13:55:06","slug":"nikon-test-and-try-pour-nikon-z5ii","status":"publish","type":"page","link":"https:\/\/www.graphicart.ch\/fr\/nikon-test-and-try-pour-nikon-z5ii\/","title":{"rendered":"Nikon TEST AND TRY pour Nikon Z5II F"},"content":{"rendered":"<div id=\"cs-content\" class=\"cs-content\"><\/div>\n","protected":false},"excerpt":{"rendered":"<p>Nikon TEST AND TRY pour Nikon Z5II Ce formulaire vous permet de vous inscrire au TEST AND TRY du Nikon Z5II. Vous pouvez choisir le lieu et la date de retrait. Si vous avez besoin d&rsquo;un objectif Nikon Z pour tester le Nikon Z5II, vous pouvez l&rsquo;indiquer dans le formulaire. Nous pouvons \u00e9galement vous conseiller par t\u00e9l\u00e9phone. &nbsp; Retrait \u00e0 &#8230; <\/p>\n<div><a href=\"https:\/\/www.graphicart.ch\/fr\/nikon-test-and-try-pour-nikon-z5ii\/\" class=\"more-link\">Read More<\/a><\/div>\n","protected":false},"author":3,"featured_media":0,"parent":0,"menu_order":0,"comment_status":"closed","ping_status":"closed","template":"template-blank-4.php","meta":{"_acf_changed":false,"_monsterinsights_skip_tracking":false,"_monsterinsights_sitenote_active":false,"_monsterinsights_sitenote_note":"","_monsterinsights_sitenote_category":0,"footnotes":""},"acf":[],"_links":{"self":[{"href":"https:\/\/www.graphicart.ch\/fr\/wp-json\/wp\/v2\/pages\/18247"}],"collection":[{"href":"https:\/\/www.graphicart.ch\/fr\/wp-json\/wp\/v2\/pages"}],"about":[{"href":"https:\/\/www.graphicart.ch\/fr\/wp-json\/wp\/v2\/types\/page"}],"author":[{"embeddable":true,"href":"https:\/\/www.graphicart.ch\/fr\/wp-json\/wp\/v2\/users\/3"}],"replies":[{"embeddable":true,"href":"https:\/\/www.graphicart.ch\/fr\/wp-json\/wp\/v2\/comments?post=18247"}],"version-history":[{"count":4,"href":"https:\/\/www.graphicart.ch\/fr\/wp-json\/wp\/v2\/pages\/18247\/revisions"}],"predecessor-version":[{"id":18257,"href":"https:\/\/www.graphicart.ch\/fr\/wp-json\/wp\/v2\/pages\/18247\/revisions\/18257"}],"wp:attachment":[{"href":"https:\/\/www.graphicart.ch\/fr\/wp-json\/wp\/v2\/media?parent=18247"}],"curies":[{"name":"wp","href":"https:\/\/api.w.org\/{rel}","templated":true}]}}