{"id":2726,"date":"2017-03-20T16:47:17","date_gmt":"2017-03-20T15:47:17","guid":{"rendered":"https:\/\/www.graphicart.ch\/lageplan-ittigen\/"},"modified":"2018-06-11T10:42:05","modified_gmt":"2018-06-11T08:42:05","slug":"plan-du-site-ittigen","status":"publish","type":"page","link":"https:\/\/www.graphicart.ch\/fr\/plan-du-site-ittigen\/","title":{"rendered":"Plan du site  Ittigen"},"content":{"rendered":"<div id=\"cs-content\" class=\"cs-content\"><\/div>\n","protected":false},"excerpt":{"rendered":"<p>GraphicArt Ittigen-Berne Muehlestrasse 7 CH-3063 Ittigen-Berne T 031 922 00 22 F 031 921 53 25 info@graphicart.ch Horaires d&rsquo;ouverture du lundi au vendredi 08:00 \u00e0 12:00 13:15 \u00e0 17:30 T\u00e9l\u00e9phone de secours lors de d\u00e9rangements risquant de compromettre une production Visites en dehors des heures d\u2019ouverture par arrangement Voyage par transports en commun: Depuis la gare centrale de Berne Train-RBS &#8230; <\/p>\n<div><a href=\"https:\/\/www.graphicart.ch\/fr\/plan-du-site-ittigen\/\" class=\"more-link\">Read More<\/a><\/div>\n","protected":false},"author":1,"featured_media":0,"parent":0,"menu_order":0,"comment_status":"closed","ping_status":"closed","template":"template-blank-4.php","meta":{"_acf_changed":false,"_monsterinsights_skip_tracking":false,"_monsterinsights_sitenote_active":false,"_monsterinsights_sitenote_note":"","_monsterinsights_sitenote_category":0,"footnotes":""},"acf":[],"_links":{"self":[{"href":"https:\/\/www.graphicart.ch\/fr\/wp-json\/wp\/v2\/pages\/2726"}],"collection":[{"href":"https:\/\/www.graphicart.ch\/fr\/wp-json\/wp\/v2\/pages"}],"about":[{"href":"https:\/\/www.graphicart.ch\/fr\/wp-json\/wp\/v2\/types\/page"}],"author":[{"embeddable":true,"href":"https:\/\/www.graphicart.ch\/fr\/wp-json\/wp\/v2\/users\/1"}],"replies":[{"embeddable":true,"href":"https:\/\/www.graphicart.ch\/fr\/wp-json\/wp\/v2\/comments?post=2726"}],"version-history":[{"count":12,"href":"https:\/\/www.graphicart.ch\/fr\/wp-json\/wp\/v2\/pages\/2726\/revisions"}],"predecessor-version":[{"id":3887,"href":"https:\/\/www.graphicart.ch\/fr\/wp-json\/wp\/v2\/pages\/2726\/revisions\/3887"}],"wp:attachment":[{"href":"https:\/\/www.graphicart.ch\/fr\/wp-json\/wp\/v2\/media?parent=2726"}],"curies":[{"name":"wp","href":"https:\/\/api.w.org\/{rel}","templated":true}]}}