{"id":4088,"date":"2018-08-17T15:46:41","date_gmt":"2018-08-17T13:46:41","guid":{"rendered":"https:\/\/www.graphicart.ch\/?page_id=4088"},"modified":"2018-08-23T13:48:22","modified_gmt":"2018-08-23T11:48:22","slug":"inscription-pd-nikon","status":"publish","type":"page","link":"https:\/\/www.graphicart.ch\/fr\/inscription-pd-nikon\/","title":{"rendered":"Inscription pour le NIKON Profi Day"},"content":{"rendered":"<div id=\"cs-content\" class=\"cs-content\"><\/div>\n","protected":false},"excerpt":{"rendered":"<p>Inscription pour le NIKON Profi Day Vous voulez savoir comment les nouveaux appareils photo Nikon Z s&rsquo;adaptent \u00e0 votre main, \u00e0 quel point l&rsquo;utilisation est intuitive et comment se pr\u00e9sentent les nouveaux objectifs ?Lors de notre NIKON Profi Day, vous pouvez vous en faire une id\u00e9e.Avec les sp\u00e9cialistes de Nikon, nous vous pr\u00e9sentons la nouvelle ligne Z de Nikon. Zurich&nbsp;Jeudi &#8230; <\/p>\n<div><a href=\"https:\/\/www.graphicart.ch\/fr\/inscription-pd-nikon\/\" class=\"more-link\">Read More<\/a><\/div>\n","protected":false},"author":7,"featured_media":0,"parent":0,"menu_order":0,"comment_status":"closed","ping_status":"closed","template":"template-blank-4.php","meta":{"_acf_changed":false,"_monsterinsights_skip_tracking":false,"_monsterinsights_sitenote_active":false,"_monsterinsights_sitenote_note":"","_monsterinsights_sitenote_category":0,"footnotes":""},"acf":[],"_links":{"self":[{"href":"https:\/\/www.graphicart.ch\/fr\/wp-json\/wp\/v2\/pages\/4088"}],"collection":[{"href":"https:\/\/www.graphicart.ch\/fr\/wp-json\/wp\/v2\/pages"}],"about":[{"href":"https:\/\/www.graphicart.ch\/fr\/wp-json\/wp\/v2\/types\/page"}],"author":[{"embeddable":true,"href":"https:\/\/www.graphicart.ch\/fr\/wp-json\/wp\/v2\/users\/7"}],"replies":[{"embeddable":true,"href":"https:\/\/www.graphicart.ch\/fr\/wp-json\/wp\/v2\/comments?post=4088"}],"version-history":[{"count":11,"href":"https:\/\/www.graphicart.ch\/fr\/wp-json\/wp\/v2\/pages\/4088\/revisions"}],"predecessor-version":[{"id":4151,"href":"https:\/\/www.graphicart.ch\/fr\/wp-json\/wp\/v2\/pages\/4088\/revisions\/4151"}],"wp:attachment":[{"href":"https:\/\/www.graphicart.ch\/fr\/wp-json\/wp\/v2\/media?parent=4088"}],"curies":[{"name":"wp","href":"https:\/\/api.w.org\/{rel}","templated":true}]}}