{"id":6165,"date":"2021-09-16T15:56:01","date_gmt":"2021-09-16T13:56:01","guid":{"rendered":"https:\/\/www.graphicart.ch\/?page_id=6165"},"modified":"2021-09-16T17:21:28","modified_gmt":"2021-09-16T15:21:28","slug":"phase-one-individuelle-beratung-und-offerten","status":"publish","type":"page","link":"https:\/\/www.graphicart.ch\/fr\/phase-one-individuelle-beratung-und-offerten\/","title":{"rendered":"PHASE ONE &#8211; Individuelle Beratung und Offerten"},"content":{"rendered":"<div id=\"cs-content\" class=\"cs-content\"><\/div>\n","protected":false},"excerpt":{"rendered":"<p>GraphicArt TRY &amp; BUY PHASE ONE Conseil individuel et offres Les appareils photo de Phase One offrent une qualit\u00e9 sup\u00e9rieure en termes de richesse des d\u00e9tails, de plage dynamique et de rendu des couleurs. Ils d\u00e9livrent des images impressionnantes et fascinantes.GraphicArt dispose d\u2019une longue exp\u00e9rience dans le domaine des syst\u00e8mes num\u00e9riques moyen format pour les applications les plus diverses.Faites-nous part &#8230; <\/p>\n<div><a href=\"https:\/\/www.graphicart.ch\/fr\/phase-one-individuelle-beratung-und-offerten\/\" class=\"more-link\">Read More<\/a><\/div>\n","protected":false},"author":3,"featured_media":0,"parent":0,"menu_order":0,"comment_status":"closed","ping_status":"closed","template":"template-blank-4.php","meta":{"_acf_changed":false,"_monsterinsights_skip_tracking":false,"_monsterinsights_sitenote_active":false,"_monsterinsights_sitenote_note":"","_monsterinsights_sitenote_category":0,"footnotes":""},"acf":[],"_links":{"self":[{"href":"https:\/\/www.graphicart.ch\/fr\/wp-json\/wp\/v2\/pages\/6165"}],"collection":[{"href":"https:\/\/www.graphicart.ch\/fr\/wp-json\/wp\/v2\/pages"}],"about":[{"href":"https:\/\/www.graphicart.ch\/fr\/wp-json\/wp\/v2\/types\/page"}],"author":[{"embeddable":true,"href":"https:\/\/www.graphicart.ch\/fr\/wp-json\/wp\/v2\/users\/3"}],"replies":[{"embeddable":true,"href":"https:\/\/www.graphicart.ch\/fr\/wp-json\/wp\/v2\/comments?post=6165"}],"version-history":[{"count":6,"href":"https:\/\/www.graphicart.ch\/fr\/wp-json\/wp\/v2\/pages\/6165\/revisions"}],"predecessor-version":[{"id":9815,"href":"https:\/\/www.graphicart.ch\/fr\/wp-json\/wp\/v2\/pages\/6165\/revisions\/9815"}],"wp:attachment":[{"href":"https:\/\/www.graphicart.ch\/fr\/wp-json\/wp\/v2\/media?parent=6165"}],"curies":[{"name":"wp","href":"https:\/\/api.w.org\/{rel}","templated":true}]}}