{"id":6968,"date":"2020-10-09T10:17:52","date_gmt":"2020-10-09T08:17:52","guid":{"rendered":"https:\/\/www.graphicart.ch\/?page_id=6968"},"modified":"2020-10-10T21:58:24","modified_gmt":"2020-10-10T19:58:24","slug":"nikon-profi-day-f","status":"publish","type":"page","link":"https:\/\/www.graphicart.ch\/fr\/nikon-profi-day-f\/","title":{"rendered":"NIKON Profi Day F"},"content":{"rendered":"<div id=\"cs-content\" class=\"cs-content\"><\/div>\n","protected":false},"excerpt":{"rendered":"<p>Invitation au NIKON Profi Day Nikon a annonc\u00e9 le lancement, le 14 octobre 2020, des Nikon Z 7II et Nikon Z 6II.Et d\u00e8s le lendemain, nous pr\u00e9senterons ces deux nouveaux mod\u00e8les de la s\u00e9rie Z de Nikon:jeudi 15 octobre 2020, GraphicArt Zurich,de 14h00 \u00e0 19h00vendredi 16 octobre 2020, GraphicArt Ittigen\/Berne,de 14h00 \u00e0 19h00Une pr\u00e9sentation des deux nouveaux mod\u00e8les de la &#8230; <\/p>\n<div><a href=\"https:\/\/www.graphicart.ch\/fr\/nikon-profi-day-f\/\" class=\"more-link\">Read More<\/a><\/div>\n","protected":false},"author":3,"featured_media":0,"parent":0,"menu_order":0,"comment_status":"closed","ping_status":"closed","template":"template-blank-4.php","meta":{"_acf_changed":false,"_monsterinsights_skip_tracking":false,"_monsterinsights_sitenote_active":false,"_monsterinsights_sitenote_note":"","_monsterinsights_sitenote_category":0,"footnotes":""},"acf":[],"_links":{"self":[{"href":"https:\/\/www.graphicart.ch\/fr\/wp-json\/wp\/v2\/pages\/6968"}],"collection":[{"href":"https:\/\/www.graphicart.ch\/fr\/wp-json\/wp\/v2\/pages"}],"about":[{"href":"https:\/\/www.graphicart.ch\/fr\/wp-json\/wp\/v2\/types\/page"}],"author":[{"embeddable":true,"href":"https:\/\/www.graphicart.ch\/fr\/wp-json\/wp\/v2\/users\/3"}],"replies":[{"embeddable":true,"href":"https:\/\/www.graphicart.ch\/fr\/wp-json\/wp\/v2\/comments?post=6968"}],"version-history":[{"count":4,"href":"https:\/\/www.graphicart.ch\/fr\/wp-json\/wp\/v2\/pages\/6968\/revisions"}],"predecessor-version":[{"id":6995,"href":"https:\/\/www.graphicart.ch\/fr\/wp-json\/wp\/v2\/pages\/6968\/revisions\/6995"}],"wp:attachment":[{"href":"https:\/\/www.graphicart.ch\/fr\/wp-json\/wp\/v2\/media?parent=6968"}],"curies":[{"name":"wp","href":"https:\/\/api.w.org\/{rel}","templated":true}]}}