{"id":7596,"date":"2021-04-16T15:08:50","date_gmt":"2021-04-16T13:08:50","guid":{"rendered":"https:\/\/www.graphicart.ch\/?page_id=7596"},"modified":"2021-09-16T17:22:51","modified_gmt":"2021-09-16T15:22:51","slug":"profoto-a10-try-buy","status":"publish","type":"page","link":"https:\/\/www.graphicart.ch\/fr\/profoto-a10-try-buy\/","title":{"rendered":"Profoto A10 &#8211; TRY &#038; BUY"},"content":{"rendered":"<div id=\"cs-content\" class=\"cs-content\"><\/div>\n","protected":false},"excerpt":{"rendered":"<p>GraphicArt TRY &amp; BUY Demande de r\u00e9servation Profoto A10 Nul besoin de mat\u00e9riel compliqu\u00e9 ou lourd pour faire de fantastiques photos. Un flash suffit. Le Profoto A10 garantit une lumi\u00e8re belle et naturelle, quelles que soient les conditions, tout en \u00e9tant incroyablement simple \u00e0 utiliser. S\u2019y ajoute un temps de recyclage extr\u00eamement rapide pour ne plus rater aucune photo!Testez-le gratuitement &#8230; <\/p>\n<div><a href=\"https:\/\/www.graphicart.ch\/fr\/profoto-a10-try-buy\/\" class=\"more-link\">Read More<\/a><\/div>\n","protected":false},"author":3,"featured_media":0,"parent":0,"menu_order":0,"comment_status":"closed","ping_status":"closed","template":"template-blank-4.php","meta":{"_acf_changed":false,"_monsterinsights_skip_tracking":false,"_monsterinsights_sitenote_active":false,"_monsterinsights_sitenote_note":"","_monsterinsights_sitenote_category":0,"footnotes":""},"acf":[],"_links":{"self":[{"href":"https:\/\/www.graphicart.ch\/fr\/wp-json\/wp\/v2\/pages\/7596"}],"collection":[{"href":"https:\/\/www.graphicart.ch\/fr\/wp-json\/wp\/v2\/pages"}],"about":[{"href":"https:\/\/www.graphicart.ch\/fr\/wp-json\/wp\/v2\/types\/page"}],"author":[{"embeddable":true,"href":"https:\/\/www.graphicart.ch\/fr\/wp-json\/wp\/v2\/users\/3"}],"replies":[{"embeddable":true,"href":"https:\/\/www.graphicart.ch\/fr\/wp-json\/wp\/v2\/comments?post=7596"}],"version-history":[{"count":5,"href":"https:\/\/www.graphicart.ch\/fr\/wp-json\/wp\/v2\/pages\/7596\/revisions"}],"predecessor-version":[{"id":9817,"href":"https:\/\/www.graphicart.ch\/fr\/wp-json\/wp\/v2\/pages\/7596\/revisions\/9817"}],"wp:attachment":[{"href":"https:\/\/www.graphicart.ch\/fr\/wp-json\/wp\/v2\/media?parent=7596"}],"curies":[{"name":"wp","href":"https:\/\/api.w.org\/{rel}","templated":true}]}}