{"id":831,"date":"2017-03-28T22:41:19","date_gmt":"2017-03-28T20:41:19","guid":{"rendered":"https:\/\/www.graphicart.ch\/?page_id=831"},"modified":"2024-04-11T16:12:18","modified_gmt":"2024-04-11T14:12:18","slug":"plan-du-site-zurich","status":"publish","type":"page","link":"https:\/\/www.graphicart.ch\/fr\/plan-du-site-zurich\/","title":{"rendered":"Plan du site Zurich"},"content":{"rendered":"<div id=\"cs-content\" class=\"cs-content\"><\/div>\n","protected":false},"excerpt":{"rendered":"<p>GraphicArt Zurich Foerrlibuckstrasse 220 CH-8005 Zurich T 043 388 00 22 F 043 388 00 38 info@graphicart.ch Horaires d&rsquo;ouverture du lundi au vendredi 08:00 \u00e0 12:00 13:15 \u00e0 17:30 T\u00e9l\u00e9phone de secours lors de d\u00e9rangements risquant de compromettre une production Visites en dehors des heures d\u2019ouverture par arrangement Voyage par transports en commun: Depuis la gare centrale de Zurich Tram &#8230; <\/p>\n<div><a href=\"https:\/\/www.graphicart.ch\/fr\/plan-du-site-zurich\/\" class=\"more-link\">Read More<\/a><\/div>\n","protected":false},"author":2,"featured_media":0,"parent":0,"menu_order":0,"comment_status":"closed","ping_status":"closed","template":"template-blank-4.php","meta":{"_acf_changed":false,"_monsterinsights_skip_tracking":false,"_monsterinsights_sitenote_active":false,"_monsterinsights_sitenote_note":"","_monsterinsights_sitenote_category":0,"footnotes":""},"acf":[],"_links":{"self":[{"href":"https:\/\/www.graphicart.ch\/fr\/wp-json\/wp\/v2\/pages\/831"}],"collection":[{"href":"https:\/\/www.graphicart.ch\/fr\/wp-json\/wp\/v2\/pages"}],"about":[{"href":"https:\/\/www.graphicart.ch\/fr\/wp-json\/wp\/v2\/types\/page"}],"author":[{"embeddable":true,"href":"https:\/\/www.graphicart.ch\/fr\/wp-json\/wp\/v2\/users\/2"}],"replies":[{"embeddable":true,"href":"https:\/\/www.graphicart.ch\/fr\/wp-json\/wp\/v2\/comments?post=831"}],"version-history":[{"count":28,"href":"https:\/\/www.graphicart.ch\/fr\/wp-json\/wp\/v2\/pages\/831\/revisions"}],"predecessor-version":[{"id":15229,"href":"https:\/\/www.graphicart.ch\/fr\/wp-json\/wp\/v2\/pages\/831\/revisions\/15229"}],"wp:attachment":[{"href":"https:\/\/www.graphicart.ch\/fr\/wp-json\/wp\/v2\/media?parent=831"}],"curies":[{"name":"wp","href":"https:\/\/api.w.org\/{rel}","templated":true}]}}