{"id":9790,"date":"2021-09-09T16:18:49","date_gmt":"2021-09-09T14:18:49","guid":{"rendered":"https:\/\/www.graphicart.ch\/profoto-b10x-b10x-plus-try-buy-old\/"},"modified":"2021-10-01T10:23:20","modified_gmt":"2021-10-01T08:23:20","slug":"profoto-b10x-b10x-plus-try-buy-old","status":"publish","type":"page","link":"https:\/\/www.graphicart.ch\/fr\/profoto-b10x-b10x-plus-try-buy-old\/","title":{"rendered":"Profoto B10X\/B10X Plus &#8211; TRY &#038; BUY"},"content":{"rendered":"<div id=\"cs-content\" class=\"cs-content\"><\/div>\n","protected":false},"excerpt":{"rendered":"<p>GraphicArt TRY &amp; BUY Demande de r\u00e9servation Profoto B10X ou B10X Plus Les syst\u00e8mes de flashes B10 de Profoto sont particuli\u00e8rement pris\u00e9s et ont fait leurs preuves. Compacts et l\u00e9gers, les B10 sont en outre \u00e9quip\u00e9s de l\u2019\u00e9metteur-r\u00e9cepteur radio Profoto AirTTL et sont compatibles avec la gamme de modeleurs Profoto. Une batterie Li-Ion puissante et interchangeable est fournie. Profoto pr\u00e9sente &#8230; <\/p>\n<div><a href=\"https:\/\/www.graphicart.ch\/fr\/profoto-b10x-b10x-plus-try-buy-old\/\" class=\"more-link\">Read More<\/a><\/div>\n","protected":false},"author":3,"featured_media":0,"parent":0,"menu_order":0,"comment_status":"closed","ping_status":"closed","template":"template-blank-4.php","meta":{"_acf_changed":false,"_monsterinsights_skip_tracking":false,"_monsterinsights_sitenote_active":false,"_monsterinsights_sitenote_note":"","_monsterinsights_sitenote_category":0,"footnotes":""},"acf":[],"_links":{"self":[{"href":"https:\/\/www.graphicart.ch\/fr\/wp-json\/wp\/v2\/pages\/9790"}],"collection":[{"href":"https:\/\/www.graphicart.ch\/fr\/wp-json\/wp\/v2\/pages"}],"about":[{"href":"https:\/\/www.graphicart.ch\/fr\/wp-json\/wp\/v2\/types\/page"}],"author":[{"embeddable":true,"href":"https:\/\/www.graphicart.ch\/fr\/wp-json\/wp\/v2\/users\/3"}],"replies":[{"embeddable":true,"href":"https:\/\/www.graphicart.ch\/fr\/wp-json\/wp\/v2\/comments?post=9790"}],"version-history":[{"count":7,"href":"https:\/\/www.graphicart.ch\/fr\/wp-json\/wp\/v2\/pages\/9790\/revisions"}],"predecessor-version":[{"id":10056,"href":"https:\/\/www.graphicart.ch\/fr\/wp-json\/wp\/v2\/pages\/9790\/revisions\/10056"}],"wp:attachment":[{"href":"https:\/\/www.graphicart.ch\/fr\/wp-json\/wp\/v2\/media?parent=9790"}],"curies":[{"name":"wp","href":"https:\/\/api.w.org\/{rel}","templated":true}]}}